{"id":1039,"date":"2021-12-21T20:12:56","date_gmt":"2021-12-21T20:12:56","guid":{"rendered":"https:\/\/startersites.io\/elementor\/homi\/?page_id=1039"},"modified":"2025-10-29T10:35:40","modified_gmt":"2025-10-29T10:35:40","slug":"a-propos","status":"publish","type":"page","link":"https:\/\/crmraylan.a2hosted.com\/easylife\/a-propos\/","title":{"rendered":"\u00c0 propos"},"content":{"rendered":"\t\t<div data-elementor-type=\"wp-page\" data-elementor-id=\"1039\" class=\"elementor elementor-1039\" data-elementor-post-type=\"page\">\n\t\t\t\t\t\t<section class=\"elementor-section elementor-top-section elementor-element elementor-element-5020ae7 ct-section-stretched elementor-section-height-min-height elementor-section-boxed elementor-section-height-default elementor-section-items-middle\" data-id=\"5020ae7\" data-element_type=\"section\" data-e-type=\"section\" data-settings=\"{&quot;background_background&quot;:&quot;classic&quot;}\">\n\t\t\t\t\t\t<div class=\"elementor-container elementor-column-gap-default\">\n\t\t\t\t\t<div class=\"elementor-column elementor-col-100 elementor-top-column elementor-element elementor-element-36276f8\" data-id=\"36276f8\" data-element_type=\"column\" data-e-type=\"column\">\n\t\t\t<div class=\"elementor-widget-wrap\">\n\t\t\t\t\t\t\t<\/div>\n\t\t<\/div>\n\t\t\t\t\t<\/div>\n\t\t<\/section>\n\t\t\t\t<section class=\"elementor-section elementor-top-section elementor-element elementor-element-f1fb84e elementor-section-boxed elementor-section-height-default elementor-section-height-default\" data-id=\"f1fb84e\" data-element_type=\"section\" data-e-type=\"section\">\n\t\t\t\t\t\t<div class=\"elementor-container elementor-column-gap-default\">\n\t\t\t\t\t<div class=\"elementor-column elementor-col-100 elementor-top-column elementor-element elementor-element-b95565c\" data-id=\"b95565c\" data-element_type=\"column\" data-e-type=\"column\">\n\t\t\t<div class=\"elementor-widget-wrap elementor-element-populated\">\n\t\t\t\t\t\t<div class=\"elementor-element elementor-element-f5f169e elementor-widget elementor-widget-heading\" data-id=\"f5f169e\" data-element_type=\"widget\" data-e-type=\"widget\" data-widget_type=\"heading.default\">\n\t\t\t\t\t<h2 class=\"elementor-heading-title elementor-size-default\">EASY LIFE SHOP<\/h2>\t\t\t\t<\/div>\n\t\t\t\t\t<\/div>\n\t\t<\/div>\n\t\t\t\t\t<\/div>\n\t\t<\/section>\n\t\t\t\t<section class=\"elementor-section elementor-top-section elementor-element elementor-element-bba6cb0 elementor-section-boxed elementor-section-height-default elementor-section-height-default\" data-id=\"bba6cb0\" data-element_type=\"section\" data-e-type=\"section\">\n\t\t\t\t\t\t<div class=\"elementor-container elementor-column-gap-extended\">\n\t\t\t\t\t<div class=\"elementor-column elementor-col-50 elementor-top-column elementor-element elementor-element-caebb6a\" data-id=\"caebb6a\" data-element_type=\"column\" data-e-type=\"column\">\n\t\t\t<div class=\"elementor-widget-wrap elementor-element-populated\">\n\t\t\t\t\t\t<div class=\"elementor-element elementor-element-d0d11e3 elementor-widget elementor-widget-text-editor\" data-id=\"d0d11e3\" data-element_type=\"widget\" data-e-type=\"widget\" data-widget_type=\"text-editor.default\">\n\t\t\t\t\t\t\t\t\t<p>Easy Life Shop est une boutique physique et en ligne sp\u00e9cialis\u00e9e dans la vente d\u2019articles destin\u00e9s \u00e0 toute la famille. Nous proposons une s\u00e9lection vari\u00e9e de produits alliant qualit\u00e9, utilit\u00e9 et esth\u00e9tique.<\/p><p>Notre objectif est d\u2019offrir \u00e0 nos clients une exp\u00e9rience d\u2019achat simple, agr\u00e9able et fiable, en mettant l\u2019accent sur la qualit\u00e9 des produits et la satisfaction du client.<\/p>\t\t\t\t\t\t\t\t<\/div>\n\t\t\t\t\t<\/div>\n\t\t<\/div>\n\t\t\t\t<div class=\"elementor-column elementor-col-50 elementor-top-column elementor-element elementor-element-a271c13\" data-id=\"a271c13\" data-element_type=\"column\" data-e-type=\"column\">\n\t\t\t<div class=\"elementor-widget-wrap elementor-element-populated\">\n\t\t\t\t\t\t<div class=\"elementor-element elementor-element-5f685f3 elementor-widget elementor-widget-text-editor\" data-id=\"5f685f3\" data-element_type=\"widget\" data-e-type=\"widget\" data-widget_type=\"text-editor.default\">\n\t\t\t\t\t\t\t\t\t<p data-start=\"750\" data-end=\"908\">EasyLife Shop s\u2019engage \u00e0 proposer des articles soigneusement choisis, \u00e0 des prix accessibles, et \u00e0 assurer un service professionnel, rapide et attentif.<\/p><p data-start=\"750\" data-end=\"908\">Votre confiance est notre priorit\u00e9, et nous mettons tout en \u0153uvre pour la m\u00e9riter chaque jour.<\/p>\t\t\t\t\t\t\t\t<\/div>\n\t\t\t\t\t<\/div>\n\t\t<\/div>\n\t\t\t\t\t<\/div>\n\t\t<\/section>\n\t\t\t\t<section class=\"elementor-section elementor-top-section elementor-element elementor-element-31034d1 elementor-section-height-min-height elementor-section-content-middle elementor-section-boxed elementor-section-height-default elementor-section-items-middle\" data-id=\"31034d1\" data-element_type=\"section\" data-e-type=\"section\" data-settings=\"{&quot;background_background&quot;:&quot;classic&quot;}\">\n\t\t\t\t\t\t<div class=\"elementor-container elementor-column-gap-default\">\n\t\t\t\t\t<div class=\"elementor-column elementor-col-100 elementor-top-column elementor-element elementor-element-dccffda\" data-id=\"dccffda\" data-element_type=\"column\" data-e-type=\"column\">\n\t\t\t<div class=\"elementor-widget-wrap\">\n\t\t\t\t\t\t\t<\/div>\n\t\t<\/div>\n\t\t\t\t\t<\/div>\n\t\t<\/section>\n\t\t\t\t<section class=\"elementor-section elementor-top-section elementor-element elementor-element-7e10026 elementor-section-boxed elementor-section-height-default elementor-section-height-default\" data-id=\"7e10026\" data-element_type=\"section\" data-e-type=\"section\">\n\t\t\t\t\t\t<div class=\"elementor-container elementor-column-gap-default\">\n\t\t\t\t\t<div class=\"elementor-column elementor-col-100 elementor-top-column elementor-element elementor-element-29a05d9\" data-id=\"29a05d9\" data-element_type=\"column\" data-e-type=\"column\">\n\t\t\t<div class=\"elementor-widget-wrap elementor-element-populated\">\n\t\t\t\t\t\t<div class=\"elementor-element elementor-element-78f88b4 elementor-widget elementor-widget-heading\" data-id=\"78f88b4\" data-element_type=\"widget\" data-e-type=\"widget\" data-widget_type=\"heading.default\">\n\t\t\t\t\t<h2 class=\"elementor-heading-title elementor-size-default\">Notre Histoire<\/h2>\t\t\t\t<\/div>\n\t\t\t\t\t<\/div>\n\t\t<\/div>\n\t\t\t\t\t<\/div>\n\t\t<\/section>\n\t\t\t\t<section class=\"elementor-section elementor-top-section elementor-element elementor-element-7bcec0a elementor-section-content-middle elementor-section-boxed elementor-section-height-default elementor-section-height-default\" data-id=\"7bcec0a\" data-element_type=\"section\" data-e-type=\"section\" data-settings=\"{&quot;shape_divider_top&quot;:&quot;mountains&quot;}\">\n\t\t\t\t\t<div class=\"elementor-shape elementor-shape-top\" aria-hidden=\"true\" data-negative=\"false\">\n\t\t\t<svg xmlns=\"http:\/\/www.w3.org\/2000\/svg\" viewBox=\"0 0 1000 100\" preserveAspectRatio=\"none\">\n\t<path class=\"elementor-shape-fill\" opacity=\"0.33\" d=\"M473,67.3c-203.9,88.3-263.1-34-320.3,0C66,119.1,0,59.7,0,59.7V0h1000v59.7 c0,0-62.1,26.1-94.9,29.3c-32.8,3.3-62.8-12.3-75.8-22.1C806,49.6,745.3,8.7,694.9,4.7S492.4,59,473,67.3z\"\/>\n\t<path class=\"elementor-shape-fill\" opacity=\"0.66\" d=\"M734,67.3c-45.5,0-77.2-23.2-129.1-39.1c-28.6-8.7-150.3-10.1-254,39.1 s-91.7-34.4-149.2,0C115.7,118.3,0,39.8,0,39.8V0h1000v36.5c0,0-28.2-18.5-92.1-18.5C810.2,18.1,775.7,67.3,734,67.3z\"\/>\n\t<path class=\"elementor-shape-fill\" d=\"M766.1,28.9c-200-57.5-266,65.5-395.1,19.5C242,1.8,242,5.4,184.8,20.6C128,35.8,132.3,44.9,89.9,52.5C28.6,63.7,0,0,0,0 h1000c0,0-9.9,40.9-83.6,48.1S829.6,47,766.1,28.9z\"\/>\n<\/svg>\t\t<\/div>\n\t\t\t\t\t<div class=\"elementor-container elementor-column-gap-wide\">\n\t\t\t\t\t<div class=\"elementor-column elementor-col-50 elementor-top-column elementor-element elementor-element-fcc8d49\" data-id=\"fcc8d49\" data-element_type=\"column\" data-e-type=\"column\" data-settings=\"{&quot;background_background&quot;:&quot;classic&quot;}\">\n\t\t\t<div class=\"elementor-widget-wrap elementor-element-populated\">\n\t\t\t\t\t\t<div class=\"elementor-element elementor-element-bfdba1d elementor-widget elementor-widget-text-editor\" data-id=\"bfdba1d\" data-element_type=\"widget\" data-e-type=\"widget\" data-widget_type=\"text-editor.default\">\n\t\t\t\t\t\t\t\t\t<p><br \/><br \/><br \/><br \/><br \/><br \/><br \/><br \/><br \/><br \/><br \/><br \/><br \/><br \/><br \/><br \/><\/p>\t\t\t\t\t\t\t\t<\/div>\n\t\t\t\t\t<\/div>\n\t\t<\/div>\n\t\t\t\t<div class=\"elementor-column elementor-col-50 elementor-top-column elementor-element elementor-element-9c4c2bb\" data-id=\"9c4c2bb\" data-element_type=\"column\" data-e-type=\"column\">\n\t\t\t<div class=\"elementor-widget-wrap elementor-element-populated\">\n\t\t\t\t\t\t<div class=\"elementor-element elementor-element-af00849 elementor-widget elementor-widget-text-editor\" data-id=\"af00849\" data-element_type=\"widget\" data-e-type=\"widget\" data-widget_type=\"text-editor.default\">\n\t\t\t\t\t\t\t\t\t<p data-start=\"161\" data-end=\"310\">EasyLife Shop est n\u00e9e d\u2019une id\u00e9e simple : rendre la vie quotidienne plus facile tout en offrant des produits de qualit\u00e9 \u00e0 des prix accessibles.<\/p><p data-start=\"312\" data-end=\"503\">Depuis sa cr\u00e9ation le 1er octobre 2023, notre boutique a \u00e9volu\u00e9 gr\u00e2ce \u00e0 une vision claire \u2014 proposer une exp\u00e9rience d\u2019achat en ligne pratique, agr\u00e9able et adapt\u00e9e aux besoins de chacun.<\/p><p data-start=\"505\" data-end=\"743\">Ce projet est avant tout le fruit d\u2019une passion pour le commerce moderne et d\u2019un engagement \u00e0 r\u00e9pondre aux attentes de nos clients. Chaque article que nous proposons est s\u00e9lectionn\u00e9 avec soin afin d\u2019allier style, utilit\u00e9 et confort.<\/p><p data-start=\"745\" data-end=\"977\">Au fil du temps, EasyLife Shop s\u2019est d\u00e9velopp\u00e9e pour devenir une r\u00e9f\u00e9rence dans la vente de v\u00eatements enfants, accessoires, gadgets et parfums, en gardant toujours la m\u00eame philosophie : qualit\u00e9, confiance et proximit\u00e9.<\/p><p data-start=\"979\" data-end=\"1167\">Aujourd\u2019hui, nous poursuivons notre mission avec la m\u00eame \u00e9nergie qu\u2019\u00e0 nos d\u00e9buts : offrir des produits qui am\u00e9liorent le quotidien, tout en assurant un service professionnel et attentif.<\/p>\t\t\t\t\t\t\t\t<\/div>\n\t\t\t\t<div class=\"elementor-element elementor-element-04f5c4b elementor-mobile-align-center elementor-tablet-align-center elementor-widget elementor-widget-button\" data-id=\"04f5c4b\" data-element_type=\"widget\" data-e-type=\"widget\" data-widget_type=\"button.default\">\n\t\t\t\t\t\t\t\t\t\t<a class=\"elementor-button elementor-button-link elementor-size-lg\" href=\"#\">\n\t\t\t\t\t\t<span class=\"elementor-button-content-wrapper\">\n\t\t\t\t\t\t\t\t\t<span class=\"elementor-button-text\">Nous contacter<\/span>\n\t\t\t\t\t<\/span>\n\t\t\t\t\t<\/a>\n\t\t\t\t\t\t\t\t<\/div>\n\t\t\t\t\t<\/div>\n\t\t<\/div>\n\t\t\t\t\t<\/div>\n\t\t<\/section>\n\t\t\t\t<section class=\"elementor-section elementor-top-section elementor-element elementor-element-45ac383 elementor-section-content-middle elementor-section-boxed elementor-section-height-default elementor-section-height-default\" data-id=\"45ac383\" data-element_type=\"section\" data-e-type=\"section\" data-settings=\"{&quot;background_background&quot;:&quot;classic&quot;}\">\n\t\t\t\t\t\t<div class=\"elementor-container elementor-column-gap-default\">\n\t\t\t\t\t<div class=\"elementor-column elementor-col-50 elementor-top-column elementor-element elementor-element-9306d95\" data-id=\"9306d95\" data-element_type=\"column\" data-e-type=\"column\">\n\t\t\t<div class=\"elementor-widget-wrap elementor-element-populated\">\n\t\t\t\t\t\t<div class=\"elementor-element elementor-element-92b08f2 elementor-widget elementor-widget-image\" data-id=\"92b08f2\" data-element_type=\"widget\" data-e-type=\"widget\" data-widget_type=\"image.default\">\n\t\t\t\t\t\t\t\t\t\t\t\t\t\t\t<img fetchpriority=\"high\" decoding=\"async\" width=\"934\" height=\"876\" src=\"https:\/\/crmraylan.a2hosted.com\/easylife\/wp-content\/uploads\/2021\/04\/brooke-lark-08bOYnH_r_E-unsplash@2x.png\" class=\"attachment-large size-large wp-image-209\" alt=\"\" srcset=\"https:\/\/crmraylan.a2hosted.com\/easylife\/wp-content\/uploads\/2021\/04\/brooke-lark-08bOYnH_r_E-unsplash@2x.png 934w, https:\/\/crmraylan.a2hosted.com\/easylife\/wp-content\/uploads\/2021\/04\/brooke-lark-08bOYnH_r_E-unsplash@2x-600x563.png 600w, https:\/\/crmraylan.a2hosted.com\/easylife\/wp-content\/uploads\/2021\/04\/brooke-lark-08bOYnH_r_E-unsplash@2x-300x281.png 300w, https:\/\/crmraylan.a2hosted.com\/easylife\/wp-content\/uploads\/2021\/04\/brooke-lark-08bOYnH_r_E-unsplash@2x-768x720.png 768w\" sizes=\"(max-width: 934px) 100vw, 934px\" \/>\t\t\t\t\t\t\t\t\t\t\t\t\t\t\t<\/div>\n\t\t\t\t\t<\/div>\n\t\t<\/div>\n\t\t\t\t<div class=\"elementor-column elementor-col-50 elementor-top-column elementor-element elementor-element-d0382da\" data-id=\"d0382da\" data-element_type=\"column\" data-e-type=\"column\">\n\t\t\t<div class=\"elementor-widget-wrap elementor-element-populated\">\n\t\t\t\t\t\t<div class=\"elementor-element elementor-element-ecddd8b elementor-widget elementor-widget-text-editor\" data-id=\"ecddd8b\" data-element_type=\"widget\" data-e-type=\"widget\" data-widget_type=\"text-editor.default\">\n\t\t\t\t\t\t\t\t\t<p>SAVE UP TO 70%<\/p>\t\t\t\t\t\t\t\t<\/div>\n\t\t\t\t<div class=\"elementor-element elementor-element-11a5d46 elementor-widget elementor-widget-heading\" data-id=\"11a5d46\" data-element_type=\"widget\" data-e-type=\"widget\" data-widget_type=\"heading.default\">\n\t\t\t\t\t<h2 class=\"elementor-heading-title elementor-size-default\">New Collection<\/h2>\t\t\t\t<\/div>\n\t\t\t\t<div class=\"elementor-element elementor-element-3de02c8 elementor-widget elementor-widget-text-editor\" data-id=\"3de02c8\" data-element_type=\"widget\" data-e-type=\"widget\" data-widget_type=\"text-editor.default\">\n\t\t\t\t\t\t\t\t\t<p>In consequat, quam id sodales hendrerit, eros mi leo, nec lacinia risus neque tristique augue. Proin tempus urna vel congue elementum.<\/p>\t\t\t\t\t\t\t\t<\/div>\n\t\t\t\t<div class=\"elementor-element elementor-element-ab1a555 elementor-mobile-align-center elementor-tablet-align-center elementor-widget elementor-widget-button\" data-id=\"ab1a555\" data-element_type=\"widget\" data-e-type=\"widget\" data-widget_type=\"button.default\">\n\t\t\t\t\t\t\t\t\t\t<a class=\"elementor-button elementor-button-link elementor-size-lg\" href=\"#\">\n\t\t\t\t\t\t<span class=\"elementor-button-content-wrapper\">\n\t\t\t\t\t\t\t\t\t<span class=\"elementor-button-text\">Explore Now<\/span>\n\t\t\t\t\t<\/span>\n\t\t\t\t\t<\/a>\n\t\t\t\t\t\t\t\t<\/div>\n\t\t\t\t\t<\/div>\n\t\t<\/div>\n\t\t\t\t\t<\/div>\n\t\t<\/section>\n\t\t\t\t<section class=\"elementor-section elementor-top-section elementor-element elementor-element-d38eb87 elementor-section-boxed elementor-section-height-default elementor-section-height-default\" data-id=\"d38eb87\" data-element_type=\"section\" data-e-type=\"section\">\n\t\t\t\t\t\t<div class=\"elementor-container elementor-column-gap-default\">\n\t\t\t\t\t<div class=\"elementor-column elementor-col-100 elementor-top-column elementor-element elementor-element-d5278f7\" data-id=\"d5278f7\" data-element_type=\"column\" data-e-type=\"column\">\n\t\t\t<div class=\"elementor-widget-wrap elementor-element-populated\">\n\t\t\t\t\t\t<div class=\"elementor-element elementor-element-5a76192 elementor-widget elementor-widget-spacer\" data-id=\"5a76192\" data-element_type=\"widget\" data-e-type=\"widget\" data-widget_type=\"spacer.default\">\n\t\t\t\t\t\t\t<div class=\"elementor-spacer\">\n\t\t\t<div class=\"elementor-spacer-inner\"><\/div>\n\t\t<\/div>\n\t\t\t\t\t\t<\/div>\n\t\t\t\t\t<\/div>\n\t\t<\/div>\n\t\t\t\t\t<\/div>\n\t\t<\/section>\n\t\t\t\t<section class=\"elementor-section elementor-top-section elementor-element elementor-element-0d094e8 elementor-section-content-middle elementor-section-boxed elementor-section-height-default elementor-section-height-default\" data-id=\"0d094e8\" data-element_type=\"section\" data-e-type=\"section\">\n\t\t\t\t\t\t<div class=\"elementor-container elementor-column-gap-wider\">\n\t\t\t\t\t<div class=\"elementor-column elementor-col-20 elementor-top-column elementor-element elementor-element-92d9ef0\" data-id=\"92d9ef0\" data-element_type=\"column\" data-e-type=\"column\">\n\t\t\t<div class=\"elementor-widget-wrap elementor-element-populated\">\n\t\t\t\t\t\t\t<\/div>\n\t\t<\/div>\n\t\t\t\t<div class=\"elementor-column elementor-col-20 elementor-top-column elementor-element elementor-element-92e6667\" data-id=\"92e6667\" data-element_type=\"column\" data-e-type=\"column\">\n\t\t\t<div class=\"elementor-widget-wrap elementor-element-populated\">\n\t\t\t\t\t\t\t<\/div>\n\t\t<\/div>\n\t\t\t\t<div class=\"elementor-column elementor-col-20 elementor-top-column elementor-element elementor-element-3928b50\" data-id=\"3928b50\" data-element_type=\"column\" data-e-type=\"column\">\n\t\t\t<div class=\"elementor-widget-wrap elementor-element-populated\">\n\t\t\t\t\t\t<div class=\"elementor-element elementor-element-fe81b40 elementor-widget elementor-widget-image\" data-id=\"fe81b40\" data-element_type=\"widget\" data-e-type=\"widget\" data-widget_type=\"image.default\">\n\t\t\t\t\t\t\t\t\t\t\t\t\t\t\t<img decoding=\"async\" width=\"398\" height=\"114\" src=\"https:\/\/crmraylan.a2hosted.com\/easylife\/wp-content\/uploads\/2025\/10\/ZRexpress-logo.jpg\" class=\"attachment-full size-full wp-image-1733\" alt=\"\" srcset=\"https:\/\/crmraylan.a2hosted.com\/easylife\/wp-content\/uploads\/2025\/10\/ZRexpress-logo.jpg 398w, https:\/\/crmraylan.a2hosted.com\/easylife\/wp-content\/uploads\/2025\/10\/ZRexpress-logo-300x86.jpg 300w\" sizes=\"(max-width: 398px) 100vw, 398px\" \/>\t\t\t\t\t\t\t\t\t\t\t\t\t\t\t<\/div>\n\t\t\t\t\t<\/div>\n\t\t<\/div>\n\t\t\t\t<div class=\"elementor-column elementor-col-20 elementor-top-column elementor-element elementor-element-03f4638\" data-id=\"03f4638\" data-element_type=\"column\" data-e-type=\"column\">\n\t\t\t<div class=\"elementor-widget-wrap elementor-element-populated\">\n\t\t\t\t\t\t\t<\/div>\n\t\t<\/div>\n\t\t\t\t<div class=\"elementor-column elementor-col-20 elementor-top-column elementor-element elementor-element-7842dc0\" data-id=\"7842dc0\" data-element_type=\"column\" data-e-type=\"column\">\n\t\t\t<div class=\"elementor-widget-wrap elementor-element-populated\">\n\t\t\t\t\t\t\t<\/div>\n\t\t<\/div>\n\t\t\t\t\t<\/div>\n\t\t<\/section>\n\t\t\t\t<\/div>\n\t\t","protected":false},"excerpt":{"rendered":"<p>EASY LIFE SHOP Easy Life Shop est une boutique physique et en ligne sp\u00e9cialis\u00e9e dans la vente d\u2019articles destin\u00e9s \u00e0 toute la famille. Nous proposons une s\u00e9lection vari\u00e9e de produits alliant qualit\u00e9, utilit\u00e9 et esth\u00e9tique. Notre objectif est d\u2019offrir \u00e0 nos clients une exp\u00e9rience d\u2019achat simple, agr\u00e9able et fiable, en mettant l\u2019accent sur la qualit\u00e9 [&hellip;]<\/p>\n","protected":false},"author":1,"featured_media":0,"parent":0,"menu_order":0,"comment_status":"closed","ping_status":"closed","template":"","meta":{"footnotes":""},"class_list":["post-1039","page","type-page","status-publish","hentry"],"blocksy_meta":{"styles_descriptor":{"styles":{"desktop":"","tablet":"","mobile":""},"google_fonts":[],"version":6}},"_links":{"self":[{"href":"https:\/\/crmraylan.a2hosted.com\/easylife\/wp-json\/wp\/v2\/pages\/1039","targetHints":{"allow":["GET"]}}],"collection":[{"href":"https:\/\/crmraylan.a2hosted.com\/easylife\/wp-json\/wp\/v2\/pages"}],"about":[{"href":"https:\/\/crmraylan.a2hosted.com\/easylife\/wp-json\/wp\/v2\/types\/page"}],"author":[{"embeddable":true,"href":"https:\/\/crmraylan.a2hosted.com\/easylife\/wp-json\/wp\/v2\/users\/1"}],"replies":[{"embeddable":true,"href":"https:\/\/crmraylan.a2hosted.com\/easylife\/wp-json\/wp\/v2\/comments?post=1039"}],"version-history":[{"count":37,"href":"https:\/\/crmraylan.a2hosted.com\/easylife\/wp-json\/wp\/v2\/pages\/1039\/revisions"}],"predecessor-version":[{"id":1739,"href":"https:\/\/crmraylan.a2hosted.com\/easylife\/wp-json\/wp\/v2\/pages\/1039\/revisions\/1739"}],"wp:attachment":[{"href":"https:\/\/crmraylan.a2hosted.com\/easylife\/wp-json\/wp\/v2\/media?parent=1039"}],"curies":[{"name":"wp","href":"https:\/\/api.w.org\/{rel}","templated":true}]}}