{"id":1859,"date":"2025-11-26T10:59:33","date_gmt":"2025-11-26T10:59:33","guid":{"rendered":"https:\/\/crmraylan.a2hosted.com\/easylife\/?post_type=product&#038;p=1859"},"modified":"2025-11-26T11:44:46","modified_gmt":"2025-11-26T11:44:46","slug":"cafetiere-portable-bomann-es8770-cb","status":"publish","type":"product","link":"https:\/\/crmraylan.a2hosted.com\/easylife\/product\/cafetiere-portable-bomann-es8770-cb\/","title":{"rendered":"Caf\u00e9ti\u00e9re Portable Bomann ES8770 CB"},"content":{"rendered":"<p>La cafeti\u00e8re manuelle est facile \u00e0 utiliser.<br \/>\nFait de mat\u00e9riaux durables.<br \/>\nConvient pour la cuisine ou lors de vos voyages et camping\u2026<br \/>\nProfitez de votre caf\u00e9 \u00e0 tout moment et n\u2019importe o\u00f9.<br \/>\nAjouter de l\u2019eau chaude pour obtenir votre caf\u00e9 chaude en quelques secondes.<\/p>\n","protected":false},"excerpt":{"rendered":"<p>La cafeti\u00e8re manuelle est facile \u00e0 utiliser. Fait de mat\u00e9riaux durables. Convient pour la cuisine ou lors de vos voyages et camping\u2026 Profitez de votre caf\u00e9 \u00e0 tout moment et n\u2019importe o\u00f9. Ajouter de l\u2019eau chaude pour obtenir votre caf\u00e9 chaude en quelques secondes.<\/p>\n","protected":false},"featured_media":1862,"template":"","meta":[],"product_brand":[],"product_cat":[29],"product_tag":[],"class_list":{"0":"post-1859","1":"product","2":"type-product","3":"status-publish","4":"has-post-thumbnail","6":"product_cat-electromenagers","8":"first","9":"instock","10":"shipping-taxable","11":"purchasable","12":"product-type-simple"},"_links":{"self":[{"href":"https:\/\/crmraylan.a2hosted.com\/easylife\/wp-json\/wp\/v2\/product\/1859","targetHints":{"allow":["GET"]}}],"collection":[{"href":"https:\/\/crmraylan.a2hosted.com\/easylife\/wp-json\/wp\/v2\/product"}],"about":[{"href":"https:\/\/crmraylan.a2hosted.com\/easylife\/wp-json\/wp\/v2\/types\/product"}],"wp:featuredmedia":[{"embeddable":true,"href":"https:\/\/crmraylan.a2hosted.com\/easylife\/wp-json\/wp\/v2\/media\/1862"}],"wp:attachment":[{"href":"https:\/\/crmraylan.a2hosted.com\/easylife\/wp-json\/wp\/v2\/media?parent=1859"}],"wp:term":[{"taxonomy":"product_brand","embeddable":true,"href":"https:\/\/crmraylan.a2hosted.com\/easylife\/wp-json\/wp\/v2\/product_brand?post=1859"},{"taxonomy":"product_cat","embeddable":true,"href":"https:\/\/crmraylan.a2hosted.com\/easylife\/wp-json\/wp\/v2\/product_cat?post=1859"},{"taxonomy":"product_tag","embeddable":true,"href":"https:\/\/crmraylan.a2hosted.com\/easylife\/wp-json\/wp\/v2\/product_tag?post=1859"}],"curies":[{"name":"wp","href":"https:\/\/api.w.org\/{rel}","templated":true}]}}