{"id":1900,"date":"2025-12-04T08:15:50","date_gmt":"2025-12-04T08:15:50","guid":{"rendered":"https:\/\/crmraylan.a2hosted.com\/easylife\/?post_type=product&#038;p=1900"},"modified":"2025-12-04T10:15:48","modified_gmt":"2025-12-04T10:15:48","slug":"techwood-friteuse-sans-huile-tfr-301sh","status":"publish","type":"product","link":"https:\/\/crmraylan.a2hosted.com\/easylife\/product\/techwood-friteuse-sans-huile-tfr-301sh\/","title":{"rendered":"Techwood Friteuse sans huile TFR-301SH"},"content":{"rendered":"<p>Cuisine saine et faible en mati\u00e8res grasses<br \/>\nCapacit\u00e9 3L ~ 1kg de frites<br \/>\nThermostat r\u00e9glable: 80 \u00e0 200\u00b0C<br \/>\nMinuterie 30 minutes<br \/>\nAlarme de fin de cuisson<br \/>\nArr\u00eat Automatique<br \/>\nT\u00e9moin lumineux de mise en marche<br \/>\nTiroir amovible avec rev\u00eatement anti-adh\u00e9<\/p>\n","protected":false},"excerpt":{"rendered":"<p>Cuisine saine et faible en mati\u00e8res grasses Capacit\u00e9 3L ~ 1kg de frites Thermostat r\u00e9glable: 80 \u00e0 200\u00b0C Minuterie 30 minutes Alarme de fin de cuisson Arr\u00eat Automatique T\u00e9moin lumineux de mise en marche Tiroir amovible avec rev\u00eatement anti-adh\u00e9<\/p>\n","protected":false},"featured_media":1905,"template":"","meta":[],"product_brand":[],"product_cat":[29],"product_tag":[],"class_list":{"0":"post-1900","1":"product","2":"type-product","3":"status-publish","4":"has-post-thumbnail","6":"product_cat-electromenagers","8":"first","9":"instock","10":"shipping-taxable","11":"purchasable","12":"product-type-simple"},"_links":{"self":[{"href":"https:\/\/crmraylan.a2hosted.com\/easylife\/wp-json\/wp\/v2\/product\/1900","targetHints":{"allow":["GET"]}}],"collection":[{"href":"https:\/\/crmraylan.a2hosted.com\/easylife\/wp-json\/wp\/v2\/product"}],"about":[{"href":"https:\/\/crmraylan.a2hosted.com\/easylife\/wp-json\/wp\/v2\/types\/product"}],"wp:featuredmedia":[{"embeddable":true,"href":"https:\/\/crmraylan.a2hosted.com\/easylife\/wp-json\/wp\/v2\/media\/1905"}],"wp:attachment":[{"href":"https:\/\/crmraylan.a2hosted.com\/easylife\/wp-json\/wp\/v2\/media?parent=1900"}],"wp:term":[{"taxonomy":"product_brand","embeddable":true,"href":"https:\/\/crmraylan.a2hosted.com\/easylife\/wp-json\/wp\/v2\/product_brand?post=1900"},{"taxonomy":"product_cat","embeddable":true,"href":"https:\/\/crmraylan.a2hosted.com\/easylife\/wp-json\/wp\/v2\/product_cat?post=1900"},{"taxonomy":"product_tag","embeddable":true,"href":"https:\/\/crmraylan.a2hosted.com\/easylife\/wp-json\/wp\/v2\/product_tag?post=1900"}],"curies":[{"name":"wp","href":"https:\/\/api.w.org\/{rel}","templated":true}]}}