{"id":1923,"date":"2025-12-04T10:30:56","date_gmt":"2025-12-04T10:30:56","guid":{"rendered":"https:\/\/crmraylan.a2hosted.com\/easylife\/?post_type=product&#038;p=1923"},"modified":"2025-12-04T10:50:30","modified_gmt":"2025-12-04T10:50:30","slug":"bergmann-robot-petrin-bergmann-bst-900-1800w-6l-rouge","status":"publish","type":"product","link":"https:\/\/crmraylan.a2hosted.com\/easylife\/product\/bergmann-robot-petrin-bergmann-bst-900-1800w-6l-rouge\/","title":{"rendered":"Bergmann ROBOT-PETRIN BERGMANN BST-900 1800W \u2013 6L-ROUGE"},"content":{"rendered":"<p>Moteur puissant de 1 800 W 220-240 V~50\/60 Hz<br \/>\nContr\u00f4le de vitesse variable en continu<br \/>\nid\u00e9al pour m\u00e9langer, fouetter, faire des g\u00e2teaux<br \/>\nFonction de lavage de la t\u00eate pop-up<br \/>\nAction plan\u00e9taire \u2013 Garantit m\u00eame des ingr\u00e9dients m\u00e9lang\u00e9s<br \/>\nArc de m\u00e9lange<\/p>\n","protected":false},"excerpt":{"rendered":"<p>Moteur puissant de 1 800 W 220-240 V~50\/60 Hz Contr\u00f4le de vitesse variable en continu id\u00e9al pour m\u00e9langer, fouetter, faire des g\u00e2teaux Fonction de lavage de la t\u00eate pop-up Action plan\u00e9taire \u2013 Garantit m\u00eame des ingr\u00e9dients m\u00e9lang\u00e9s Arc de m\u00e9lange<\/p>\n","protected":false},"featured_media":1932,"template":"","meta":[],"product_brand":[],"product_cat":[29],"product_tag":[],"class_list":{"0":"post-1923","1":"product","2":"type-product","3":"status-publish","4":"has-post-thumbnail","6":"product_cat-electromenagers","8":"first","9":"instock","10":"shipping-taxable","11":"purchasable","12":"product-type-simple"},"_links":{"self":[{"href":"https:\/\/crmraylan.a2hosted.com\/easylife\/wp-json\/wp\/v2\/product\/1923","targetHints":{"allow":["GET"]}}],"collection":[{"href":"https:\/\/crmraylan.a2hosted.com\/easylife\/wp-json\/wp\/v2\/product"}],"about":[{"href":"https:\/\/crmraylan.a2hosted.com\/easylife\/wp-json\/wp\/v2\/types\/product"}],"wp:featuredmedia":[{"embeddable":true,"href":"https:\/\/crmraylan.a2hosted.com\/easylife\/wp-json\/wp\/v2\/media\/1932"}],"wp:attachment":[{"href":"https:\/\/crmraylan.a2hosted.com\/easylife\/wp-json\/wp\/v2\/media?parent=1923"}],"wp:term":[{"taxonomy":"product_brand","embeddable":true,"href":"https:\/\/crmraylan.a2hosted.com\/easylife\/wp-json\/wp\/v2\/product_brand?post=1923"},{"taxonomy":"product_cat","embeddable":true,"href":"https:\/\/crmraylan.a2hosted.com\/easylife\/wp-json\/wp\/v2\/product_cat?post=1923"},{"taxonomy":"product_tag","embeddable":true,"href":"https:\/\/crmraylan.a2hosted.com\/easylife\/wp-json\/wp\/v2\/product_tag?post=1923"}],"curies":[{"name":"wp","href":"https:\/\/api.w.org\/{rel}","templated":true}]}}